{"id":103,"date":"2021-03-01T16:48:39","date_gmt":"2021-03-01T16:48:39","guid":{"rendered":"http:\/\/juegomental.com\/?page_id=103"},"modified":"2021-03-18T00:23:37","modified_gmt":"2021-03-18T00:23:37","slug":"mission-statement","status":"publish","type":"page","link":"https:\/\/juegomental.com\/es\/mission-statement\/","title":{"rendered":"MISI\u00d3N Y VISI\u00d3N"},"content":{"rendered":"<div data-elementor-type=\"wp-page\" data-elementor-id=\"103\" class=\"elementor elementor-103\" data-elementor-post-type=\"page\">\n\t\t\t\t\t\t<section class=\"elementor-section elementor-top-section elementor-element elementor-element-3bc47d9 elementor-section-boxed elementor-section-height-default elementor-section-height-default\" data-id=\"3bc47d9\" data-element_type=\"section\" data-settings=\"{&quot;background_background&quot;:&quot;classic&quot;}\">\n\t\t\t\t\t\t\t<div class=\"elementor-background-overlay\"><\/div>\n\t\t\t\t\t\t\t<div class=\"elementor-container elementor-column-gap-default\">\n\t\t\t\t\t<div class=\"elementor-column elementor-col-100 elementor-top-column elementor-element elementor-element-3baefc1\" data-id=\"3baefc1\" data-element_type=\"column\">\n\t\t\t<div class=\"elementor-widget-wrap elementor-element-populated\">\n\t\t\t\t\t\t<div class=\"elementor-element elementor-element-9a4d294 elementor-widget elementor-widget-heading\" data-id=\"9a4d294\" data-element_type=\"widget\" data-widget_type=\"heading.default\">\n\t\t\t\t<div class=\"elementor-widget-container\">\n\t\t\t\t\t<h2 class=\"elementor-heading-title elementor-size-default\">MISI\u00d3N Y VISI\u00d3N<\/h2>\t\t\t\t<\/div>\n\t\t\t\t<\/div>\n\t\t\t\t\t<\/div>\n\t\t<\/div>\n\t\t\t\t\t<\/div>\n\t\t<\/section>\n\t\t\t\t<section class=\"elementor-section elementor-top-section elementor-element elementor-element-7f31fef elementor-section-boxed elementor-section-height-default elementor-section-height-default\" data-id=\"7f31fef\" data-element_type=\"section\">\n\t\t\t\t\t\t<div class=\"elementor-container elementor-column-gap-default\">\n\t\t\t\t\t<div class=\"elementor-column elementor-col-50 elementor-top-column elementor-element elementor-element-8d3dfb9\" data-id=\"8d3dfb9\" data-element_type=\"column\">\n\t\t\t<div class=\"elementor-widget-wrap elementor-element-populated\">\n\t\t\t\t\t\t<div class=\"elementor-element elementor-element-8bd67fb elementor-widget elementor-widget-heading\" data-id=\"8bd67fb\" data-element_type=\"widget\" data-widget_type=\"heading.default\">\n\t\t\t\t<div class=\"elementor-widget-container\">\n\t\t\t\t\t<h2 class=\"elementor-heading-title elementor-size-default\">\u00bfPor qu\u00e9?<\/h2>\t\t\t\t<\/div>\n\t\t\t\t<\/div>\n\t\t\t\t<div class=\"elementor-element elementor-element-5941f04 elementor-widget elementor-widget-text-editor\" data-id=\"5941f04\" data-element_type=\"widget\" data-widget_type=\"text-editor.default\">\n\t\t\t\t<div class=\"elementor-widget-container\">\n\t\t\t\t\t\t\t\t\t<p>Mi nombre es Silvia Maria Lugo Merced, MA y soy entrenadora de habilidades mentales. Mi trabajo se centra en el componente mental del deporte porque como deportista me sirvi\u00f3 para optimizar mi rendimiento y disfrute atl\u00e9tico.<\/p>\t\t\t\t\t\t\t\t<\/div>\n\t\t\t\t<\/div>\n\t\t\t\t<div class=\"elementor-element elementor-element-d51b4aa elementor-widget elementor-widget-heading\" data-id=\"d51b4aa\" data-element_type=\"widget\" data-widget_type=\"heading.default\">\n\t\t\t\t<div class=\"elementor-widget-container\">\n\t\t\t\t\t<h2 class=\"elementor-heading-title elementor-size-default\">Educaci\u00f3n y Experiencia Atl\u00e9tica<\/h2>\t\t\t\t<\/div>\n\t\t\t\t<\/div>\n\t\t\t\t<div class=\"elementor-element elementor-element-7c1b412 elementor-widget elementor-widget-text-editor\" data-id=\"7c1b412\" data-element_type=\"widget\" data-widget_type=\"text-editor.default\">\n\t\t\t\t<div class=\"elementor-widget-container\">\n\t\t\t\t\t\t\t\t\t<p><span style=\"color: var( --e-global-color-text );\">Poseo un bachillerato en Psicolog\u00eda y una maestr\u00eda en Psicolog\u00eda Deportiva.  Fui atleta becada en el programa de f\u00fatbol de Barry University en Miami, FL, donde compet\u00ed durante 4 a\u00f1os en la NCAA.  Fui miembro activo de la selecci\u00f3n nacional de f\u00fatbol de Puerto Rico durante 11 a\u00f1os con experiencias competitivas en torneos preol\u00edmpicos, Juegos Centroamericanos y del Caribe, Clasificatorias Mundialistas y amistosos internacionales.<\/span><\/p>\t\t\t\t\t\t\t\t<\/div>\n\t\t\t\t<\/div>\n\t\t\t\t<div class=\"elementor-element elementor-element-6b12be4 elementor-widget elementor-widget-heading\" data-id=\"6b12be4\" data-element_type=\"widget\" data-widget_type=\"heading.default\">\n\t\t\t\t<div class=\"elementor-widget-container\">\n\t\t\t\t\t<h2 class=\"elementor-heading-title elementor-size-default\">Experiencia como Entrenadora Mental<\/h2>\t\t\t\t<\/div>\n\t\t\t\t<\/div>\n\t\t\t\t<div class=\"elementor-element elementor-element-e7ab841 elementor-widget elementor-widget-text-editor\" data-id=\"e7ab841\" data-element_type=\"widget\" data-widget_type=\"text-editor.default\">\n\t\t\t\t<div class=\"elementor-widget-container\">\n\t\t\t\t\t\t\t\t\t<ul><li>Experiencia con atletas infantiles, juveniles y adultos.<\/li><li><span style=\"background-color: transparent; color: var( --e-global-color-text );\">Experiencia con atletas de selecci\u00f3n nacional, olimpico, profesionales, amateur.<\/span><\/li><li>Experiencia con atletas en las siguientes ramas: f\u00fatbol, volleyball, baseball, tennis, baloncesto, atletismo, golf, softball, football americano, lacrosse, crossfit, skateboarding.<\/li><li>Experiencia proveyendo talleres educativos a entrenadores y padres de manera presencial y virtual en ingles, espa\u00f1ol o combinaci\u00f3n de ambos idiomas.<\/li><\/ul>\t\t\t\t\t\t\t\t<\/div>\n\t\t\t\t<\/div>\n\t\t\t\t<div class=\"elementor-element elementor-element-91a414d elementor-align-left elementor-widget elementor-widget-button\" data-id=\"91a414d\" data-element_type=\"widget\" data-widget_type=\"button.default\">\n\t\t\t\t<div class=\"elementor-widget-container\">\n\t\t\t\t\t\t\t\t\t<div class=\"elementor-button-wrapper\">\n\t\t\t\t\t<a class=\"elementor-button elementor-button-link elementor-size-sm elementor-animation-grow\" href=\"https:\/\/juegomental.com\/es\/mental-training\/\">\n\t\t\t\t\t\t<span class=\"elementor-button-content-wrapper\">\n\t\t\t\t\t\t\t\t\t<span class=\"elementor-button-text\">ENTRENAMIENTO MENTAL<\/span>\n\t\t\t\t\t<\/span>\n\t\t\t\t\t<\/a>\n\t\t\t\t<\/div>\n\t\t\t\t\t\t\t\t<\/div>\n\t\t\t\t<\/div>\n\t\t\t\t\t<\/div>\n\t\t<\/div>\n\t\t\t\t<div class=\"elementor-column elementor-col-50 elementor-top-column elementor-element elementor-element-14f7f0f\" data-id=\"14f7f0f\" data-element_type=\"column\" data-settings=\"{&quot;background_background&quot;:&quot;slideshow&quot;,&quot;background_slideshow_slide_duration&quot;:6000,&quot;background_slideshow_transition_duration&quot;:1200,&quot;background_slideshow_ken_burns&quot;:&quot;yes&quot;,&quot;background_slideshow_gallery&quot;:[],&quot;background_slideshow_loop&quot;:&quot;yes&quot;,&quot;background_slideshow_slide_transition&quot;:&quot;fade&quot;,&quot;background_slideshow_ken_burns_zoom_direction&quot;:&quot;in&quot;}\">\n\t\t\t<div class=\"elementor-widget-wrap elementor-element-populated\">\n\t\t\t\t\t\t<div class=\"elementor-element elementor-element-ce95209 elementor-widget elementor-widget-image\" data-id=\"ce95209\" data-element_type=\"widget\" data-widget_type=\"image.default\">\n\t\t\t\t<div class=\"elementor-widget-container\">\n\t\t\t\t\t\t\t\t\t\t\t\t\t\t\t<img fetchpriority=\"high\" decoding=\"async\" width=\"696\" height=\"1024\" src=\"https:\/\/juegomental.com\/wp-content\/uploads\/2021\/03\/6ddc79_08357e29ce394158b0ebfed1de8df67d_mv2-696x1024.png\" class=\"attachment-large size-large wp-image-120\" alt=\"\" srcset=\"https:\/\/juegomental.com\/wp-content\/uploads\/2021\/03\/6ddc79_08357e29ce394158b0ebfed1de8df67d_mv2-696x1024.png 696w, https:\/\/juegomental.com\/wp-content\/uploads\/2021\/03\/6ddc79_08357e29ce394158b0ebfed1de8df67d_mv2-204x300.png 204w, https:\/\/juegomental.com\/wp-content\/uploads\/2021\/03\/6ddc79_08357e29ce394158b0ebfed1de8df67d_mv2-768x1129.png 768w, https:\/\/juegomental.com\/wp-content\/uploads\/2021\/03\/6ddc79_08357e29ce394158b0ebfed1de8df67d_mv2.png 816w\" sizes=\"(max-width: 696px) 100vw, 696px\" \/>\t\t\t\t\t\t\t\t\t\t\t\t\t\t\t<\/div>\n\t\t\t\t<\/div>\n\t\t\t\t\t<\/div>\n\t\t<\/div>\n\t\t\t\t\t<\/div>\n\t\t<\/section>\n\t\t\t\t<section class=\"elementor-section elementor-top-section elementor-element elementor-element-9d758de elementor-section-boxed elementor-section-height-default elementor-section-height-default\" data-id=\"9d758de\" data-element_type=\"section\">\n\t\t\t\t\t\t<div class=\"elementor-container elementor-column-gap-default\">\n\t\t\t\t\t<div class=\"elementor-column elementor-col-50 elementor-top-column elementor-element elementor-element-5616cd7\" data-id=\"5616cd7\" data-element_type=\"column\">\n\t\t\t<div class=\"elementor-widget-wrap elementor-element-populated\">\n\t\t\t\t\t\t<div class=\"elementor-element elementor-element-a966ad3 elementor-widget elementor-widget-image\" data-id=\"a966ad3\" data-element_type=\"widget\" data-widget_type=\"image.default\">\n\t\t\t\t<div class=\"elementor-widget-container\">\n\t\t\t\t\t\t\t\t\t\t\t\t\t\t\t\t<a href=\"https:\/\/juegomental.com\/\/wp-content\/uploads\/2021\/03\/6ddc79_83e5837c0d9c4f329235e5969206beb6_mv2_d_2880_1800_s_2.png\" data-elementor-open-lightbox=\"yes\" data-elementor-lightbox-title=\"6ddc79_83e5837c0d9c4f329235e5969206beb6_mv2_d_2880_1800_s_2\" data-e-action-hash=\"#elementor-action%3Aaction%3Dlightbox%26settings%3DeyJpZCI6MTUyLCJ1cmwiOiJodHRwczpcL1wvanVlZ29tZW50YWwuY29tXC93cC1jb250ZW50XC91cGxvYWRzXC8yMDIxXC8wM1wvNmRkYzc5XzgzZTU4MzdjMGQ5YzRmMzI5MjM1ZTU5NjkyMDZiZWI2X212Ml9kXzI4ODBfMTgwMF9zXzIucG5nIn0%3D\">\n\t\t\t\t\t\t\t<img decoding=\"async\" width=\"800\" height=\"500\" src=\"https:\/\/juegomental.com\/wp-content\/uploads\/2021\/03\/6ddc79_83e5837c0d9c4f329235e5969206beb6_mv2_d_2880_1800_s_2-1024x640.png\" class=\"attachment-large size-large wp-image-152\" alt=\"\" srcset=\"https:\/\/juegomental.com\/wp-content\/uploads\/2021\/03\/6ddc79_83e5837c0d9c4f329235e5969206beb6_mv2_d_2880_1800_s_2-1024x640.png 1024w, https:\/\/juegomental.com\/wp-content\/uploads\/2021\/03\/6ddc79_83e5837c0d9c4f329235e5969206beb6_mv2_d_2880_1800_s_2-300x188.png 300w, https:\/\/juegomental.com\/wp-content\/uploads\/2021\/03\/6ddc79_83e5837c0d9c4f329235e5969206beb6_mv2_d_2880_1800_s_2-768x480.png 768w, https:\/\/juegomental.com\/wp-content\/uploads\/2021\/03\/6ddc79_83e5837c0d9c4f329235e5969206beb6_mv2_d_2880_1800_s_2-1536x960.png 1536w, https:\/\/juegomental.com\/wp-content\/uploads\/2021\/03\/6ddc79_83e5837c0d9c4f329235e5969206beb6_mv2_d_2880_1800_s_2-2048x1280.png 2048w\" sizes=\"(max-width: 800px) 100vw, 800px\" \/>\t\t\t\t\t\t\t\t<\/a>\n\t\t\t\t\t\t\t\t\t\t\t\t\t\t\t<\/div>\n\t\t\t\t<\/div>\n\t\t\t\t\t<\/div>\n\t\t<\/div>\n\t\t\t\t<div class=\"elementor-column elementor-col-50 elementor-top-column elementor-element elementor-element-6402815\" data-id=\"6402815\" data-element_type=\"column\">\n\t\t\t<div class=\"elementor-widget-wrap elementor-element-populated\">\n\t\t\t\t\t\t<div class=\"elementor-element elementor-element-b3069e5 elementor-widget elementor-widget-image\" data-id=\"b3069e5\" data-element_type=\"widget\" data-widget_type=\"image.default\">\n\t\t\t\t<div class=\"elementor-widget-container\">\n\t\t\t\t\t\t\t\t\t\t\t\t\t\t\t\t<a href=\"https:\/\/juegomental.com\/\/wp-content\/uploads\/2021\/03\/6ddc79_24ba516751ec4daba3945ce0920f2067_mv2_d_2880_1800_s_2.png\" data-elementor-open-lightbox=\"yes\" data-elementor-lightbox-title=\"6ddc79_24ba516751ec4daba3945ce0920f2067_mv2_d_2880_1800_s_2\" data-e-action-hash=\"#elementor-action%3Aaction%3Dlightbox%26settings%3DeyJpZCI6MTUxLCJ1cmwiOiJodHRwczpcL1wvanVlZ29tZW50YWwuY29tXC93cC1jb250ZW50XC91cGxvYWRzXC8yMDIxXC8wM1wvNmRkYzc5XzI0YmE1MTY3NTFlYzRkYWJhMzk0NWNlMDkyMGYyMDY3X212Ml9kXzI4ODBfMTgwMF9zXzIucG5nIn0%3D\">\n\t\t\t\t\t\t\t<img decoding=\"async\" width=\"800\" height=\"500\" src=\"https:\/\/juegomental.com\/wp-content\/uploads\/2021\/03\/6ddc79_24ba516751ec4daba3945ce0920f2067_mv2_d_2880_1800_s_2-1024x640.png\" class=\"attachment-large size-large wp-image-151\" alt=\"\" srcset=\"https:\/\/juegomental.com\/wp-content\/uploads\/2021\/03\/6ddc79_24ba516751ec4daba3945ce0920f2067_mv2_d_2880_1800_s_2-1024x640.png 1024w, https:\/\/juegomental.com\/wp-content\/uploads\/2021\/03\/6ddc79_24ba516751ec4daba3945ce0920f2067_mv2_d_2880_1800_s_2-300x188.png 300w, https:\/\/juegomental.com\/wp-content\/uploads\/2021\/03\/6ddc79_24ba516751ec4daba3945ce0920f2067_mv2_d_2880_1800_s_2-768x480.png 768w, https:\/\/juegomental.com\/wp-content\/uploads\/2021\/03\/6ddc79_24ba516751ec4daba3945ce0920f2067_mv2_d_2880_1800_s_2-1536x960.png 1536w, https:\/\/juegomental.com\/wp-content\/uploads\/2021\/03\/6ddc79_24ba516751ec4daba3945ce0920f2067_mv2_d_2880_1800_s_2-2048x1280.png 2048w\" sizes=\"(max-width: 800px) 100vw, 800px\" \/>\t\t\t\t\t\t\t\t<\/a>\n\t\t\t\t\t\t\t\t\t\t\t\t\t\t\t<\/div>\n\t\t\t\t<\/div>\n\t\t\t\t\t<\/div>\n\t\t<\/div>\n\t\t\t\t\t<\/div>\n\t\t<\/section>\n\t\t\t\t<section class=\"elementor-section elementor-top-section elementor-element elementor-element-56a0142 elementor-section-boxed elementor-section-height-default elementor-section-height-default\" data-id=\"56a0142\" data-element_type=\"section\">\n\t\t\t\t\t\t<div class=\"elementor-container elementor-column-gap-default\">\n\t\t\t\t\t<div class=\"elementor-column elementor-col-100 elementor-top-column elementor-element elementor-element-45ed504\" data-id=\"45ed504\" data-element_type=\"column\">\n\t\t\t<div class=\"elementor-widget-wrap elementor-element-populated\">\n\t\t\t\t\t\t<div class=\"elementor-element elementor-element-ab76b2b elementor-view-default elementor-widget elementor-widget-icon\" data-id=\"ab76b2b\" data-element_type=\"widget\" data-widget_type=\"icon.default\">\n\t\t\t\t<div class=\"elementor-widget-container\">\n\t\t\t\t\t\t\t<div class=\"elementor-icon-wrapper\">\n\t\t\t<div class=\"elementor-icon elementor-animation-grow\">\n\t\t\t<svg xmlns=\"http:\/\/www.w3.org\/2000\/svg\" height=\"511pt\" viewbox=\"1 -19 511.99898 511\" width=\"511pt\"><path d=\"m479.460938 193.480469h-78.914063v-151.105469c0-23.089844-18.785156-41.875-41.875-41.875h-316.796875c-23.089844 0-41.875 18.785156-41.875 41.875v231.027344c0 23.089844 18.785156 41.875 41.875 41.875h30.785156l22.34375 89.359375c1.402344 5.628906 5.855469 9.980469 11.511719 11.261719 1.128906.253906 2.261719.378906 3.390625.378906 4.527344-.003906 8.894531-2.007813 11.847656-5.589844l78.714844-95.410156h41.210938v60.417968c0 17.941407 14.59375 32.539063 32.539062 32.539063h103.546875l49.375 59.847656c2.957031 3.582031 7.324219 5.585938 11.851563 5.585938 1.125 0 2.261718-.125 3.386718-.378907 5.65625-1.277343 10.109375-5.632812 11.515625-11.257812l13.449219-53.796875h12.117188c17.941406 0 32.539062-14.597656 32.539062-32.539063v-149.675781c0-17.945312-14.597656-32.539062-32.539062-32.539062zm-286.234376 91.074219c-4.585937 0-8.929687 2.046874-11.847656 5.585937l-63.953125 77.515625-17.867187-71.464844c-1.707032-6.839844-7.851563-11.636718-14.902344-11.636718h-42.78125c-6.148438 0-11.148438-5.003907-11.148438-11.152344v-231.027344c0-6.148438 5-11.152344 11.148438-11.152344h316.796875c6.148437 0 11.148437 5.003906 11.148437 11.152344v231.027344c0 6.148437-5 11.152344-11.148437 11.152344zm288.046876 91.140624c0 1-.8125 1.8125-1.8125 1.8125h-24.109376c-7.050781 0-13.195312 4.800782-14.902343 11.636719l-8.980469 35.902344-34.609375-41.953125c-2.917969-3.535156-7.265625-5.585938-11.847656-5.585938h-110.792969c-1 0-1.816406-.8125-1.816406-1.8125v-60.417968h86.269531c23.089844 0 41.871094-18.785156 41.871094-41.875v-49.199219h78.917969c1 0 1.8125.8125 1.8125 1.816406zm0 0\"><\/path><path d=\"m249.402344 245.082031c-2.445313 0-4.898438-.582031-7.148438-1.765625l-41.980468-22.070312-41.984376 22.070312c-5.175781 2.722656-11.445312 2.269532-16.179687-1.171875-4.730469-3.433593-7.097656-9.261719-6.109375-15.023437l8.019531-46.75-33.96875-33.105469c-4.183593-4.082031-5.691406-10.1875-3.886719-15.75 1.808594-5.558594 6.617188-9.613281 12.402344-10.453125l46.9375-6.820312 20.992188-42.535157c2.589844-5.242187 7.929687-8.5625 13.777344-8.5625 5.847656 0 11.1875 3.320313 13.773437 8.5625l20.992187 42.535157 46.9375 6.820312c5.789063.839844 10.597657 4.894531 12.402344 10.453125 1.808594 5.5625.300782 11.667969-3.886718 15.75l-33.964844 33.105469 8.015625 46.75c.988281 5.761718-1.378907 11.589844-6.109375 15.023437-2.675782 1.949219-5.84375 2.9375-9.03125 2.9375zm-95.613282-98.089843 17.457032 17.019531c3.621094 3.527343 5.273437 8.613281 4.417968 13.597656l-4.121093 24.027344 21.582031-11.34375c4.472656-2.355469 9.820312-2.355469 14.296875 0l21.578125 11.34375-4.121094-24.027344c-.855468-4.984375.796875-10.070313 4.417969-13.597656l17.457031-17.019531-24.125-3.507813c-5.003906-.726563-9.332031-3.867187-11.566406-8.402344l-10.789062-21.863281-10.789063 21.863281c-2.242187 4.535157-6.566406 7.675781-11.570313 8.402344zm0 0\"><\/path><\/svg>\t\t\t<\/div>\n\t\t<\/div>\n\t\t\t\t\t\t<\/div>\n\t\t\t\t<\/div>\n\t\t\t\t<div class=\"elementor-element elementor-element-09d5283 elementor-widget elementor-widget-heading\" data-id=\"09d5283\" data-element_type=\"widget\" data-widget_type=\"heading.default\">\n\t\t\t\t<div class=\"elementor-widget-container\">\n\t\t\t\t\t<h2 class=\"elementor-heading-title elementor-size-default\">Lo que nuestros clientes est\u00e1n diciendo acerca de nosotros.<\/h2>\t\t\t\t<\/div>\n\t\t\t\t<\/div>\n\t\t\t\t<section class=\"elementor-section elementor-inner-section elementor-element elementor-element-3cd6bae elementor-section-boxed elementor-section-height-default elementor-section-height-default\" data-id=\"3cd6bae\" data-element_type=\"section\">\n\t\t\t\t\t\t<div class=\"elementor-container elementor-column-gap-default\">\n\t\t\t\t\t<div class=\"elementor-column elementor-col-33 elementor-inner-column elementor-element elementor-element-6892a2b\" data-id=\"6892a2b\" data-element_type=\"column\">\n\t\t\t<div class=\"elementor-widget-wrap elementor-element-populated\">\n\t\t\t\t\t\t<div class=\"elementor-element elementor-element-63c1125 elementor-widget elementor-widget-text-editor\" data-id=\"63c1125\" data-element_type=\"widget\" data-widget_type=\"text-editor.default\">\n\t\t\t\t<div class=\"elementor-widget-container\">\n\t\t\t\t\t\t\t\t\t<p>\u201cExcelente entrenadora el poco tiempo que conoc\u00ed aprend\u00ed much\u00edsimo de ella. \u00c9xito!!!!!!\u201d<\/p>\t\t\t\t\t\t\t\t<\/div>\n\t\t\t\t<\/div>\n\t\t\t\t<div class=\"elementor-element elementor-element-df54909 elementor-widget elementor-widget-heading\" data-id=\"df54909\" data-element_type=\"widget\" data-widget_type=\"heading.default\">\n\t\t\t\t<div class=\"elementor-widget-container\">\n\t\t\t\t\t<h2 class=\"elementor-heading-title elementor-size-default\">Volleyball player, age 12, athletic scholarship, middle school <\/h2>\t\t\t\t<\/div>\n\t\t\t\t<\/div>\n\t\t\t\t\t<\/div>\n\t\t<\/div>\n\t\t\t\t<div class=\"elementor-column elementor-col-33 elementor-inner-column elementor-element elementor-element-ee199af\" data-id=\"ee199af\" data-element_type=\"column\">\n\t\t\t<div class=\"elementor-widget-wrap elementor-element-populated\">\n\t\t\t\t\t\t<div class=\"elementor-element elementor-element-ada91a4 elementor-widget elementor-widget-text-editor\" data-id=\"ada91a4\" data-element_type=\"widget\" data-widget_type=\"text-editor.default\">\n\t\t\t\t<div class=\"elementor-widget-container\">\n\t\t\t\t\t\t\t\t\t<p>\u201cPienso que la charla fue un \u00e9xito y nos permiti\u00f3 abrir la mente a nuevos aspecto dentro del deporta para poder desarrollarnos mejor como atletas\u201d<\/p>\t\t\t\t\t\t\t\t<\/div>\n\t\t\t\t<\/div>\n\t\t\t\t<div class=\"elementor-element elementor-element-f10b376 elementor-widget elementor-widget-heading\" data-id=\"f10b376\" data-element_type=\"widget\" data-widget_type=\"heading.default\">\n\t\t\t\t<div class=\"elementor-widget-container\">\n\t\t\t\t\t<h2 class=\"elementor-heading-title elementor-size-default\">Soccer player, age 17, Puerto Rican National team member <\/h2>\t\t\t\t<\/div>\n\t\t\t\t<\/div>\n\t\t\t\t\t<\/div>\n\t\t<\/div>\n\t\t\t\t<div class=\"elementor-column elementor-col-33 elementor-inner-column elementor-element elementor-element-ef1f023\" data-id=\"ef1f023\" data-element_type=\"column\">\n\t\t\t<div class=\"elementor-widget-wrap elementor-element-populated\">\n\t\t\t\t\t\t<div class=\"elementor-element elementor-element-11b3d89 elementor-widget elementor-widget-text-editor\" data-id=\"11b3d89\" data-element_type=\"widget\" data-widget_type=\"text-editor.default\">\n\t\t\t\t<div class=\"elementor-widget-container\">\n\t\t\t\t\t\t\t\t\t<p class=\"MsoNormal\"><span lang=\"EN-US\">\u201cConsider\u00f3 q esto ha sido fundamental y q se deber\u00eda usar m\u00e1s a menudo este recurso en pro de los j\u00f3venes y de la selecci\u00f3n\u201d<o:p><\/o:p><\/span><\/p>\t\t\t\t\t\t\t\t<\/div>\n\t\t\t\t<\/div>\n\t\t\t\t<div class=\"elementor-element elementor-element-f468721 elementor-widget elementor-widget-heading\" data-id=\"f468721\" data-element_type=\"widget\" data-widget_type=\"heading.default\">\n\t\t\t\t<div class=\"elementor-widget-container\">\n\t\t\t\t\t<h2 class=\"elementor-heading-title elementor-size-default\">Coaching staff member, women\u2019s national team Puerto Rico <\/h2>\t\t\t\t<\/div>\n\t\t\t\t<\/div>\n\t\t\t\t\t<\/div>\n\t\t<\/div>\n\t\t\t\t\t<\/div>\n\t\t<\/section>\n\t\t\t\t\t<\/div>\n\t\t<\/div>\n\t\t\t\t\t<\/div>\n\t\t<\/section>\n\t\t\t\t<\/div>","protected":false},"excerpt":{"rendered":"<p>MISSION STATEMENT WHy? My name is Silvia Maria Lugo Merced, MA and I am a mental skills coach. My works focuses on the mental component of sports because as an athlete, it served to optimize my athletic performance and enjoyment. Education and Sports experience I have a bachelor\u2019s degree in psychology and a master\u2019s degree [&hellip;]<\/p>","protected":false},"author":1,"featured_media":7,"parent":0,"menu_order":0,"comment_status":"closed","ping_status":"closed","template":"elementor_header_footer","meta":{"footnotes":""},"class_list":["post-103","page","type-page","status-publish","has-post-thumbnail","hentry"],"_links":{"self":[{"href":"https:\/\/juegomental.com\/es\/wp-json\/wp\/v2\/pages\/103","targetHints":{"allow":["GET"]}}],"collection":[{"href":"https:\/\/juegomental.com\/es\/wp-json\/wp\/v2\/pages"}],"about":[{"href":"https:\/\/juegomental.com\/es\/wp-json\/wp\/v2\/types\/page"}],"author":[{"embeddable":true,"href":"https:\/\/juegomental.com\/es\/wp-json\/wp\/v2\/users\/1"}],"replies":[{"embeddable":true,"href":"https:\/\/juegomental.com\/es\/wp-json\/wp\/v2\/comments?post=103"}],"version-history":[{"count":19,"href":"https:\/\/juegomental.com\/es\/wp-json\/wp\/v2\/pages\/103\/revisions"}],"predecessor-version":[{"id":241,"href":"https:\/\/juegomental.com\/es\/wp-json\/wp\/v2\/pages\/103\/revisions\/241"}],"wp:featuredmedia":[{"embeddable":true,"href":"https:\/\/juegomental.com\/es\/wp-json\/wp\/v2\/media\/7"}],"wp:attachment":[{"href":"https:\/\/juegomental.com\/es\/wp-json\/wp\/v2\/media?parent=103"}],"curies":[{"name":"wp","href":"https:\/\/api.w.org\/{rel}","templated":true}]}}