{"id":144,"date":"2021-03-03T18:59:50","date_gmt":"2021-03-03T18:59:50","guid":{"rendered":"http:\/\/juegomental.com\/?page_id=144"},"modified":"2021-05-27T02:58:48","modified_gmt":"2021-05-27T02:58:48","slug":"mental-training","status":"publish","type":"page","link":"https:\/\/juegomental.com\/es\/mental-training\/","title":{"rendered":"Entrenamiento Mental"},"content":{"rendered":"<div data-elementor-type=\"wp-page\" data-elementor-id=\"144\" class=\"elementor elementor-144\" data-elementor-post-type=\"page\">\n\t\t\t\t\t\t<section class=\"elementor-section elementor-top-section elementor-element elementor-element-fa3cc9d elementor-section-boxed elementor-section-height-default elementor-section-height-default\" data-id=\"fa3cc9d\" data-element_type=\"section\" data-settings=\"{&quot;background_background&quot;:&quot;classic&quot;}\">\n\t\t\t\t\t\t\t<div class=\"elementor-background-overlay\"><\/div>\n\t\t\t\t\t\t\t<div class=\"elementor-container elementor-column-gap-default\">\n\t\t\t\t\t<div class=\"elementor-column elementor-col-100 elementor-top-column elementor-element elementor-element-daa54f3\" data-id=\"daa54f3\" data-element_type=\"column\">\n\t\t\t<div class=\"elementor-widget-wrap elementor-element-populated\">\n\t\t\t\t\t\t<div class=\"elementor-element elementor-element-e504ef8 elementor-widget elementor-widget-heading\" data-id=\"e504ef8\" data-element_type=\"widget\" data-widget_type=\"heading.default\">\n\t\t\t\t<div class=\"elementor-widget-container\">\n\t\t\t\t\t<h2 class=\"elementor-heading-title elementor-size-default\">Entrenamiento Mental<\/h2>\t\t\t\t<\/div>\n\t\t\t\t<\/div>\n\t\t\t\t\t<\/div>\n\t\t<\/div>\n\t\t\t\t\t<\/div>\n\t\t<\/section>\n\t\t\t\t<section class=\"elementor-section elementor-top-section elementor-element elementor-element-1aa1c3c elementor-section-boxed elementor-section-height-default elementor-section-height-default\" data-id=\"1aa1c3c\" data-element_type=\"section\" data-settings=\"{&quot;background_background&quot;:&quot;classic&quot;}\">\n\t\t\t\t\t\t\t<div class=\"elementor-background-overlay\"><\/div>\n\t\t\t\t\t\t\t<div class=\"elementor-container elementor-column-gap-default\">\n\t\t\t\t\t<div class=\"elementor-column elementor-col-100 elementor-top-column elementor-element elementor-element-d36761a\" data-id=\"d36761a\" data-element_type=\"column\">\n\t\t\t<div class=\"elementor-widget-wrap elementor-element-populated\">\n\t\t\t\t\t\t<div class=\"elementor-element elementor-element-4ff3ce5 elementor-widget elementor-widget-heading\" data-id=\"4ff3ce5\" data-element_type=\"widget\" data-widget_type=\"heading.default\">\n\t\t\t\t<div class=\"elementor-widget-container\">\n\t\t\t\t\t<h2 class=\"elementor-heading-title elementor-size-default\">\u00bfPor qu\u00e9 el entrenamiento mental? <\/h2>\t\t\t\t<\/div>\n\t\t\t\t<\/div>\n\t\t\t\t<div class=\"elementor-element elementor-element-f5c7855 elementor-widget elementor-widget-text-editor\" data-id=\"f5c7855\" data-element_type=\"widget\" data-widget_type=\"text-editor.default\">\n\t\t\t\t<div class=\"elementor-widget-container\">\n\t\t\t\t\t\t\t\t\t<p>Como atleta, experiment\u00e9 muchos de los desaf\u00edos que pueden afectar el rendimiento \u00f3ptimo: nerviosismo, lesiones, confianza en m\u00ed mismo y concentraci\u00f3n, entre otros. Cuando el atleta entrena el componente mental, ella o \u00e9l utiliza constantemente herramientas emp\u00edricas para lograr un estado de flujo competitivo. Aprend\u00ed a usar las habilidades mentales para concentrarme efectivamente antes de las competencias, mantener un di\u00e1logo interno positivo, ser m\u00e1s resistente y, sobre todo, \u00a1disfrutar de un mejor desempe\u00f1o!<\/p>\t\t\t\t\t\t\t\t<\/div>\n\t\t\t\t<\/div>\n\t\t\t\t<section class=\"elementor-section elementor-inner-section elementor-element elementor-element-b3ae794 elementor-section-boxed elementor-section-height-default elementor-section-height-default\" data-id=\"b3ae794\" data-element_type=\"section\">\n\t\t\t\t\t\t<div class=\"elementor-container elementor-column-gap-default\">\n\t\t\t\t\t<div class=\"elementor-column elementor-col-33 elementor-inner-column elementor-element elementor-element-676f12c\" data-id=\"676f12c\" data-element_type=\"column\">\n\t\t\t<div class=\"elementor-widget-wrap elementor-element-populated\">\n\t\t\t\t\t\t<div class=\"elementor-element elementor-element-7b23dd4 elementor-view-default elementor-widget elementor-widget-icon\" data-id=\"7b23dd4\" data-element_type=\"widget\" data-widget_type=\"icon.default\">\n\t\t\t\t<div class=\"elementor-widget-container\">\n\t\t\t\t\t\t\t<div class=\"elementor-icon-wrapper\">\n\t\t\t<a class=\"elementor-icon elementor-animation-grow\" href=\"#individual\">\n\t\t\t<svg xmlns=\"http:\/\/www.w3.org\/2000\/svg\" xmlns:xlink=\"http:\/\/www.w3.org\/1999\/xlink\" id=\"Capa_1\" x=\"0px\" y=\"0px\" viewbox=\"0 0 350 350\" style=\"enable-background:new 0 0 350 350;\" xml:space=\"preserve\"><g>\t<path d=\"M175,171.173c38.914,0,70.463-38.318,70.463-85.586C245.463,38.318,235.105,0,175,0s-70.465,38.318-70.465,85.587   C104.535,132.855,136.084,171.173,175,171.173z\"><\/path>\t<path d=\"M41.909,301.853C41.897,298.971,41.885,301.041,41.909,301.853L41.909,301.853z\"><\/path>\t<path d=\"M308.085,304.104C308.123,303.315,308.098,298.63,308.085,304.104L308.085,304.104z\"><\/path>\t<path d=\"M307.935,298.397c-1.305-82.342-12.059-105.805-94.352-120.657c0,0-11.584,14.761-38.584,14.761   s-38.586-14.761-38.586-14.761c-81.395,14.69-92.803,37.805-94.303,117.982c-0.123,6.547-0.18,6.891-0.202,6.131   c0.005,1.424,0.011,4.058,0.011,8.651c0,0,19.592,39.496,133.08,39.496c113.486,0,133.08-39.496,133.08-39.496   c0-2.951,0.002-5.003,0.005-6.399C308.062,304.575,308.018,303.664,307.935,298.397z\"><\/path><\/g><g><\/g><g><\/g><g><\/g><g><\/g><g><\/g><g><\/g><g><\/g><g><\/g><g><\/g><g><\/g><g><\/g><g><\/g><g><\/g><g><\/g><g><\/g><\/svg>\t\t\t<\/a>\n\t\t<\/div>\n\t\t\t\t\t\t<\/div>\n\t\t\t\t<\/div>\n\t\t\t\t<div class=\"elementor-element elementor-element-07eaa07 elementor-widget elementor-widget-heading\" data-id=\"07eaa07\" data-element_type=\"widget\" data-widget_type=\"heading.default\">\n\t\t\t\t<div class=\"elementor-widget-container\">\n\t\t\t\t\t<h2 class=\"elementor-heading-title elementor-size-default\"><a href=\"#individual\">individual<\/a><\/h2>\t\t\t\t<\/div>\n\t\t\t\t<\/div>\n\t\t\t\t\t<\/div>\n\t\t<\/div>\n\t\t\t\t<div class=\"elementor-column elementor-col-33 elementor-inner-column elementor-element elementor-element-26fcd19\" data-id=\"26fcd19\" data-element_type=\"column\">\n\t\t\t<div class=\"elementor-widget-wrap elementor-element-populated\">\n\t\t\t\t\t\t<div class=\"elementor-element elementor-element-a81ae90 elementor-view-default elementor-widget elementor-widget-icon\" data-id=\"a81ae90\" data-element_type=\"widget\" data-widget_type=\"icon.default\">\n\t\t\t\t<div class=\"elementor-widget-container\">\n\t\t\t\t\t\t\t<div class=\"elementor-icon-wrapper\">\n\t\t\t<a class=\"elementor-icon elementor-animation-grow\" href=\"#group\">\n\t\t\t<svg xmlns=\"http:\/\/www.w3.org\/2000\/svg\" xmlns:xlink=\"http:\/\/www.w3.org\/1999\/xlink\" id=\"Capa_1\" x=\"0px\" y=\"0px\" viewbox=\"0 0 388.227 388.227\" style=\"enable-background:new 0 0 388.227 388.227;\" xml:space=\"preserve\"><g>\t<path d=\"M194.113,190.505c36.691,0,66.438-36.129,66.438-80.695c0-44.567-9.768-80.696-66.438-80.696   c-56.672,0-66.438,36.129-66.438,80.696C127.676,154.376,157.422,190.505,194.113,190.505z\"><\/path>\t<path d=\"M319.455,310.459c-1.229-77.637-11.369-99.759-88.959-113.763c0,0-10.924,13.917-36.381,13.917   c-25.457,0-36.379-13.917-36.379-13.917c-76.744,13.85-87.502,35.645-88.916,111.24c-0.115,6.173-0.168,6.497-0.189,5.78   c0.004,1.343,0.01,3.826,0.01,8.157c0,0,18.473,37.239,125.475,37.239s125.477-37.239,125.477-37.239   c0-2.782,0.002-4.718,0.004-6.033C319.576,316.283,319.533,315.424,319.455,310.459z\"><\/path>\t<path d=\"M286.313,176.097c29.801,0,53.959-29.343,53.959-65.539c0-36.197-7.932-65.54-53.959-65.54   c-7.742,0-14.404,0.833-20.135,2.388c10.631,19.598,12.088,43.402,12.088,62.403c0,21.514-5.832,42.054-16.572,59.061   C269.076,173.48,277.441,176.097,286.313,176.097z\"><\/path>\t<path d=\"M388.111,273.521c-1-63.055-9.234-81.022-72.252-92.396c0,0-8.871,11.304-29.547,11.304c-0.855,0-1.684-0.026-2.5-0.063   c13.137,5.923,25.088,14.17,33.889,26.238c15.215,20.863,18.713,48.889,19.435,90.062c42.397-8.378,51.086-25.873,51.086-25.873   c0-2.28,0-3.844,0.004-4.913C388.209,278.256,388.174,277.582,388.111,273.521z\"><\/path>\t<path d=\"M101.912,176.097c8.873,0,17.236-2.617,24.621-7.226c-10.74-17.007-16.572-37.547-16.572-59.061   c0-19.002,1.457-42.806,12.086-62.403c-5.73-1.555-12.391-2.388-20.135-2.388c-46.027,0-53.957,29.343-53.957,65.54   C47.955,146.754,72.113,176.097,101.912,176.097z\"><\/path>\t<path d=\"M104.412,192.365c-0.814,0.037-1.643,0.063-2.5,0.063c-20.676,0-29.547-11.304-29.547-11.304   c-63.016,11.374-71.252,29.34-72.25,92.396c-0.065,4.062-0.098,4.735-0.115,4.358c0.002,1.069,0.004,2.633,0.004,4.913   c0,0,8.69,17.495,51.084,25.873c0.725-41.172,4.221-69.198,19.438-90.062C79.326,206.536,91.275,198.288,104.412,192.365z\"><\/path><\/g><g><\/g><g><\/g><g><\/g><g><\/g><g><\/g><g><\/g><g><\/g><g><\/g><g><\/g><g><\/g><g><\/g><g><\/g><g><\/g><g><\/g><g><\/g><\/svg>\t\t\t<\/a>\n\t\t<\/div>\n\t\t\t\t\t\t<\/div>\n\t\t\t\t<\/div>\n\t\t\t\t<div class=\"elementor-element elementor-element-9758ea3 elementor-widget elementor-widget-heading\" data-id=\"9758ea3\" data-element_type=\"widget\" data-widget_type=\"heading.default\">\n\t\t\t\t<div class=\"elementor-widget-container\">\n\t\t\t\t\t<h2 class=\"elementor-heading-title elementor-size-default\"><a href=\"#group\">Grupo<\/a><\/h2>\t\t\t\t<\/div>\n\t\t\t\t<\/div>\n\t\t\t\t\t<\/div>\n\t\t<\/div>\n\t\t\t\t<div class=\"elementor-column elementor-col-33 elementor-inner-column elementor-element elementor-element-91f6b72\" data-id=\"91f6b72\" data-element_type=\"column\">\n\t\t\t<div class=\"elementor-widget-wrap elementor-element-populated\">\n\t\t\t\t\t\t<div class=\"elementor-element elementor-element-1d5c4d9 elementor-view-default elementor-widget elementor-widget-icon\" data-id=\"1d5c4d9\" data-element_type=\"widget\" data-widget_type=\"icon.default\">\n\t\t\t\t<div class=\"elementor-widget-container\">\n\t\t\t\t\t\t\t<div class=\"elementor-icon-wrapper\">\n\t\t\t<a class=\"elementor-icon elementor-animation-grow\" href=\"#online\">\n\t\t\t<svg xmlns=\"http:\/\/www.w3.org\/2000\/svg\" id=\"Capa_1\" height=\"512\" viewbox=\"0 0 512 512\" width=\"512\"><path d=\"m166 346c-24.814 0-45 20.186-45 45v15h150v-15c0-24.814-20.186-45-45-45z\"><\/path><circle cx=\"196\" cy=\"241\" r=\"45\"><\/circle><path d=\"m91 391c0-41.353 33.647-75 75-75h30c-41.353 0-75-33.647-75-75s33.647-75 75-75 75 33.647 75 75-33.647 75-75 75h30c41.353 0 75 33.647 75 75v15h180v-240h-112.925l-97.075 48.545v-108.545h-241v300h61z\"><\/path><path d=\"m0 451c0 24.853 20.147 45 45 45h421c24.853 0 46-20.147 46-45v-15h-512z\"><\/path><path d=\"m301 166 60-30h151v-120h-211zm150-105h30v30h-30zm-60 0h30v30h-30zm-60 0h30v30h-30z\"><\/path><\/svg>\t\t\t<\/a>\n\t\t<\/div>\n\t\t\t\t\t\t<\/div>\n\t\t\t\t<\/div>\n\t\t\t\t<div class=\"elementor-element elementor-element-e72f78d elementor-widget elementor-widget-heading\" data-id=\"e72f78d\" data-element_type=\"widget\" data-widget_type=\"heading.default\">\n\t\t\t\t<div class=\"elementor-widget-container\">\n\t\t\t\t\t<h2 class=\"elementor-heading-title elementor-size-default\"><a href=\"#online\">online<\/a><\/h2>\t\t\t\t<\/div>\n\t\t\t\t<\/div>\n\t\t\t\t\t<\/div>\n\t\t<\/div>\n\t\t\t\t\t<\/div>\n\t\t<\/section>\n\t\t\t\t\t<\/div>\n\t\t<\/div>\n\t\t\t\t\t<\/div>\n\t\t<\/section>\n\t\t\t\t<section class=\"elementor-section elementor-top-section elementor-element elementor-element-4e60100 elementor-section-boxed elementor-section-height-default elementor-section-height-default\" data-id=\"4e60100\" data-element_type=\"section\">\n\t\t\t\t\t\t<div class=\"elementor-container elementor-column-gap-no\">\n\t\t\t\t\t<div class=\"elementor-column elementor-col-100 elementor-top-column elementor-element elementor-element-1d369e6\" data-id=\"1d369e6\" data-element_type=\"column\">\n\t\t\t<div class=\"elementor-widget-wrap elementor-element-populated\">\n\t\t\t\t\t\t<div class=\"elementor-element elementor-element-af94bdf elementor-widget elementor-widget-menu-anchor\" data-id=\"af94bdf\" data-element_type=\"widget\" data-widget_type=\"menu-anchor.default\">\n\t\t\t\t<div class=\"elementor-widget-container\">\n\t\t\t\t\t\t\t<div class=\"elementor-menu-anchor\" id=\"individual\"><\/div>\n\t\t\t\t\t\t<\/div>\n\t\t\t\t<\/div>\n\t\t\t\t\t<\/div>\n\t\t<\/div>\n\t\t\t\t\t<\/div>\n\t\t<\/section>\n\t\t\t\t<section class=\"elementor-section elementor-top-section elementor-element elementor-element-56a0142 elementor-section-boxed elementor-section-height-default elementor-section-height-default\" data-id=\"56a0142\" data-element_type=\"section\">\n\t\t\t\t\t\t<div class=\"elementor-container elementor-column-gap-default\">\n\t\t\t\t\t<div class=\"elementor-column elementor-col-100 elementor-top-column elementor-element elementor-element-45ed504\" data-id=\"45ed504\" data-element_type=\"column\">\n\t\t\t<div class=\"elementor-widget-wrap elementor-element-populated\">\n\t\t\t\t\t\t<section class=\"elementor-section elementor-inner-section elementor-element elementor-element-a424af6 elementor-section-boxed elementor-section-height-default elementor-section-height-default\" data-id=\"a424af6\" data-element_type=\"section\">\n\t\t\t\t\t\t<div class=\"elementor-container elementor-column-gap-default\">\n\t\t\t\t\t<div class=\"elementor-column elementor-col-100 elementor-inner-column elementor-element elementor-element-2410fdf\" data-id=\"2410fdf\" data-element_type=\"column\" data-settings=\"{&quot;background_background&quot;:&quot;classic&quot;}\">\n\t\t\t<div class=\"elementor-widget-wrap elementor-element-populated\">\n\t\t\t\t\t<div class=\"elementor-background-overlay\"><\/div>\n\t\t\t\t\t\t<div class=\"elementor-element elementor-element-09d5283 elementor-widget elementor-widget-heading\" data-id=\"09d5283\" data-element_type=\"widget\" data-widget_type=\"heading.default\">\n\t\t\t\t<div class=\"elementor-widget-container\">\n\t\t\t\t\t<h2 class=\"elementor-heading-title elementor-size-default\">PROGRAMA INDIVIDUAL<\/h2>\t\t\t\t<\/div>\n\t\t\t\t<\/div>\n\t\t\t\t\t<\/div>\n\t\t<\/div>\n\t\t\t\t\t<\/div>\n\t\t<\/section>\n\t\t\t\t<section class=\"elementor-section elementor-inner-section elementor-element elementor-element-3cd6bae elementor-section-boxed elementor-section-height-default elementor-section-height-default\" data-id=\"3cd6bae\" data-element_type=\"section\">\n\t\t\t\t\t\t<div class=\"elementor-container elementor-column-gap-default\">\n\t\t\t\t\t<div class=\"elementor-column elementor-col-100 elementor-inner-column elementor-element elementor-element-6892a2b\" data-id=\"6892a2b\" data-element_type=\"column\">\n\t\t\t<div class=\"elementor-widget-wrap elementor-element-populated\">\n\t\t\t\t\t\t<div class=\"elementor-element elementor-element-12ecf8c elementor-widget elementor-widget-text-editor\" data-id=\"12ecf8c\" data-element_type=\"widget\" data-widget_type=\"text-editor.default\">\n\t\t\t\t<div class=\"elementor-widget-container\">\n\t\t\t\t\t\t\t\t\t<ul><li><p>El dise\u00f1o de cada entrenamiento se basa en las metas y necesidades del atleta. Este programa provee un men\u00fa de herramientas emp\u00edricas para un rendimiento \u00f3ptimo f\u00edsico, mental y emocional.<\/p><\/li><li><p><span style=\"background-color: transparent; color: var( --e-global-color-text );\">El entrenamiento personal tiene una duraci\u00f3n de una hora y requiere un consentimiento informado firmado.<\/span><\/p><\/li><li><p><span style=\"background-color: transparent; color: var( --e-global-color-text );\">Planes de pago disponibles.\u00a0<\/span><\/p><\/li><\/ul>\t\t\t\t\t\t\t\t<\/div>\n\t\t\t\t<\/div>\n\t\t\t\t<div class=\"elementor-element elementor-element-589c140 elementor-align-left elementor-widget elementor-widget-button\" data-id=\"589c140\" data-element_type=\"widget\" data-widget_type=\"button.default\">\n\t\t\t\t<div class=\"elementor-widget-container\">\n\t\t\t\t\t\t\t\t\t<div class=\"elementor-button-wrapper\">\n\t\t\t\t\t<a class=\"elementor-button elementor-button-link elementor-size-sm elementor-animation-grow\" href=\"https:\/\/juegomental.com\/es\/mental-training\/\">\n\t\t\t\t\t\t<span class=\"elementor-button-content-wrapper\">\n\t\t\t\t\t\t\t\t\t<span class=\"elementor-button-text\">Contacta ahora<\/span>\n\t\t\t\t\t<\/span>\n\t\t\t\t\t<\/a>\n\t\t\t\t<\/div>\n\t\t\t\t\t\t\t\t<\/div>\n\t\t\t\t<\/div>\n\t\t\t\t\t<\/div>\n\t\t<\/div>\n\t\t\t\t\t<\/div>\n\t\t<\/section>\n\t\t\t\t\t<\/div>\n\t\t<\/div>\n\t\t\t\t\t<\/div>\n\t\t<\/section>\n\t\t\t\t<section class=\"elementor-section elementor-top-section elementor-element elementor-element-68dbca3 elementor-section-boxed elementor-section-height-default elementor-section-height-default\" data-id=\"68dbca3\" data-element_type=\"section\">\n\t\t\t\t\t\t<div class=\"elementor-container elementor-column-gap-no\">\n\t\t\t\t\t<div class=\"elementor-column elementor-col-100 elementor-top-column elementor-element elementor-element-86dcea6\" data-id=\"86dcea6\" data-element_type=\"column\">\n\t\t\t<div class=\"elementor-widget-wrap elementor-element-populated\">\n\t\t\t\t\t\t<div class=\"elementor-element elementor-element-eda4e20 elementor-widget elementor-widget-menu-anchor\" data-id=\"eda4e20\" data-element_type=\"widget\" data-widget_type=\"menu-anchor.default\">\n\t\t\t\t<div class=\"elementor-widget-container\">\n\t\t\t\t\t\t\t<div class=\"elementor-menu-anchor\" id=\"group\"><\/div>\n\t\t\t\t\t\t<\/div>\n\t\t\t\t<\/div>\n\t\t\t\t\t<\/div>\n\t\t<\/div>\n\t\t\t\t\t<\/div>\n\t\t<\/section>\n\t\t\t\t<section class=\"elementor-section elementor-top-section elementor-element elementor-element-4dc9990 elementor-section-boxed elementor-section-height-default elementor-section-height-default\" data-id=\"4dc9990\" data-element_type=\"section\">\n\t\t\t\t\t\t<div class=\"elementor-container elementor-column-gap-default\">\n\t\t\t\t\t<div class=\"elementor-column elementor-col-100 elementor-top-column elementor-element elementor-element-8e4683e\" data-id=\"8e4683e\" data-element_type=\"column\">\n\t\t\t<div class=\"elementor-widget-wrap elementor-element-populated\">\n\t\t\t\t\t\t<section class=\"elementor-section elementor-inner-section elementor-element elementor-element-7398436 elementor-section-boxed elementor-section-height-default elementor-section-height-default\" data-id=\"7398436\" data-element_type=\"section\">\n\t\t\t\t\t\t<div class=\"elementor-container elementor-column-gap-default\">\n\t\t\t\t\t<div class=\"elementor-column elementor-col-100 elementor-inner-column elementor-element elementor-element-7de63f0\" data-id=\"7de63f0\" data-element_type=\"column\" data-settings=\"{&quot;background_background&quot;:&quot;classic&quot;}\">\n\t\t\t<div class=\"elementor-widget-wrap elementor-element-populated\">\n\t\t\t\t\t<div class=\"elementor-background-overlay\"><\/div>\n\t\t\t\t\t\t<div class=\"elementor-element elementor-element-d13755b elementor-widget elementor-widget-heading\" data-id=\"d13755b\" data-element_type=\"widget\" data-widget_type=\"heading.default\">\n\t\t\t\t<div class=\"elementor-widget-container\">\n\t\t\t\t\t<h2 class=\"elementor-heading-title elementor-size-default\">PROGRAMA GRUPAL<\/h2>\t\t\t\t<\/div>\n\t\t\t\t<\/div>\n\t\t\t\t\t<\/div>\n\t\t<\/div>\n\t\t\t\t\t<\/div>\n\t\t<\/section>\n\t\t\t\t<section class=\"elementor-section elementor-inner-section elementor-element elementor-element-063d815 elementor-section-boxed elementor-section-height-default elementor-section-height-default\" data-id=\"063d815\" data-element_type=\"section\">\n\t\t\t\t\t\t<div class=\"elementor-container elementor-column-gap-default\">\n\t\t\t\t\t<div class=\"elementor-column elementor-col-100 elementor-inner-column elementor-element elementor-element-225487e\" data-id=\"225487e\" data-element_type=\"column\">\n\t\t\t<div class=\"elementor-widget-wrap elementor-element-populated\">\n\t\t\t\t\t\t<div class=\"elementor-element elementor-element-ed55a19 elementor-widget elementor-widget-text-editor\" data-id=\"ed55a19\" data-element_type=\"widget\" data-widget_type=\"text-editor.default\">\n\t\t\t\t<div class=\"elementor-widget-container\">\n\t\t\t\t\t\t\t\t\t<ul><li>\u00a1Aumenta la cohesi\u00f3n de equipo, comunicaci\u00f3n efectiva, y estrategias de liderazgo!\u00a0<\/li><li>El taller de Autoconfianza, Concentraci\u00f3n, Motivaci\u00f3n, y \u00c9tica de Trabajo (A.C.M.E.) esta dise\u00f1ado para introducir al atleta a la practica sistem\u00e1tica del componente mental del deporte. Duraci\u00f3n: cinco sesiones.<\/li><li>Grupos desde seis personas en adelante.<\/li><li>Planes de pago disponibles.\u00a0<\/li><\/ul><p>*Spanish acronym<\/p>\t\t\t\t\t\t\t\t<\/div>\n\t\t\t\t<\/div>\n\t\t\t\t\t<\/div>\n\t\t<\/div>\n\t\t\t\t\t<\/div>\n\t\t<\/section>\n\t\t\t\t\t<\/div>\n\t\t<\/div>\n\t\t\t\t\t<\/div>\n\t\t<\/section>\n\t\t\t\t<section class=\"elementor-section elementor-top-section elementor-element elementor-element-fdec967 elementor-section-boxed elementor-section-height-default elementor-section-height-default\" data-id=\"fdec967\" data-element_type=\"section\">\n\t\t\t\t\t\t<div class=\"elementor-container elementor-column-gap-no\">\n\t\t\t\t\t<div class=\"elementor-column elementor-col-100 elementor-top-column elementor-element elementor-element-0e1e4f6\" data-id=\"0e1e4f6\" data-element_type=\"column\">\n\t\t\t<div class=\"elementor-widget-wrap elementor-element-populated\">\n\t\t\t\t\t\t<div class=\"elementor-element elementor-element-54d02af elementor-widget elementor-widget-menu-anchor\" data-id=\"54d02af\" data-element_type=\"widget\" data-widget_type=\"menu-anchor.default\">\n\t\t\t\t<div class=\"elementor-widget-container\">\n\t\t\t\t\t\t\t<div class=\"elementor-menu-anchor\" id=\"online\"><\/div>\n\t\t\t\t\t\t<\/div>\n\t\t\t\t<\/div>\n\t\t\t\t\t<\/div>\n\t\t<\/div>\n\t\t\t\t\t<\/div>\n\t\t<\/section>\n\t\t\t\t<section class=\"elementor-section elementor-top-section elementor-element elementor-element-cfcb371 elementor-section-boxed elementor-section-height-default elementor-section-height-default\" data-id=\"cfcb371\" data-element_type=\"section\">\n\t\t\t\t\t\t<div class=\"elementor-container elementor-column-gap-default\">\n\t\t\t\t\t<div class=\"elementor-column elementor-col-100 elementor-top-column elementor-element elementor-element-e94184e\" data-id=\"e94184e\" data-element_type=\"column\">\n\t\t\t<div class=\"elementor-widget-wrap elementor-element-populated\">\n\t\t\t\t\t\t<section class=\"elementor-section elementor-inner-section elementor-element elementor-element-2dc0c41 elementor-section-boxed elementor-section-height-default elementor-section-height-default\" data-id=\"2dc0c41\" data-element_type=\"section\">\n\t\t\t\t\t\t<div class=\"elementor-container elementor-column-gap-default\">\n\t\t\t\t\t<div class=\"elementor-column elementor-col-100 elementor-inner-column elementor-element elementor-element-a722e0c\" data-id=\"a722e0c\" data-element_type=\"column\" data-settings=\"{&quot;background_background&quot;:&quot;classic&quot;}\">\n\t\t\t<div class=\"elementor-widget-wrap elementor-element-populated\">\n\t\t\t\t\t<div class=\"elementor-background-overlay\"><\/div>\n\t\t\t\t\t\t<div class=\"elementor-element elementor-element-17e5f93 elementor-widget elementor-widget-heading\" data-id=\"17e5f93\" data-element_type=\"widget\" data-widget_type=\"heading.default\">\n\t\t\t\t<div class=\"elementor-widget-container\">\n\t\t\t\t\t<h2 class=\"elementor-heading-title elementor-size-default\">PROGRAMA ONLINE<\/h2>\t\t\t\t<\/div>\n\t\t\t\t<\/div>\n\t\t\t\t\t<\/div>\n\t\t<\/div>\n\t\t\t\t\t<\/div>\n\t\t<\/section>\n\t\t\t\t<section class=\"elementor-section elementor-inner-section elementor-element elementor-element-ecf902b elementor-section-boxed elementor-section-height-default elementor-section-height-default\" data-id=\"ecf902b\" data-element_type=\"section\">\n\t\t\t\t\t\t<div class=\"elementor-container elementor-column-gap-default\">\n\t\t\t\t\t<div class=\"elementor-column elementor-col-100 elementor-inner-column elementor-element elementor-element-e2e5703\" data-id=\"e2e5703\" data-element_type=\"column\">\n\t\t\t<div class=\"elementor-widget-wrap elementor-element-populated\">\n\t\t\t\t\t\t<div class=\"elementor-element elementor-element-593f80c elementor-widget elementor-widget-text-editor\" data-id=\"593f80c\" data-element_type=\"widget\" data-widget_type=\"text-editor.default\">\n\t\t\t\t<div class=\"elementor-widget-container\">\n\t\t\t\t\t\t\t\t\t<ul style=\"font-size: 16px; background-color: #ffffff;\"><li style=\"font-size: 16px;\"><p>El dise\u00f1o de cada entrenamiento se basa en las metas y necesidades del atleta. Este programa provee un men\u00fa de herramientas emp\u00edricas para un rendimiento \u00f3ptimo f\u00edsico, mental y emocional.<\/p><\/li><li style=\"font-size: 16px;\"><p><span style=\"background-color: transparent; color: var( --e-global-color-text );\">El entrenamiento personal tiene una duraci\u00f3n de una hora y requiere un consentimiento informado firmado.<\/span><\/p><\/li><li style=\"font-size: 16px;\"><p><span style=\"background-color: transparent; color: var( --e-global-color-text );\">Planes de pago disponibles.\u00a0<\/span><\/p><\/li><\/ul>\t\t\t\t\t\t\t\t<\/div>\n\t\t\t\t<\/div>\n\t\t\t\t\t<\/div>\n\t\t<\/div>\n\t\t\t\t\t<\/div>\n\t\t<\/section>\n\t\t\t\t\t<\/div>\n\t\t<\/div>\n\t\t\t\t\t<\/div>\n\t\t<\/section>\n\t\t\t\t<\/div>","protected":false},"excerpt":{"rendered":"<p>Mental Training Why mental skills training? As an athlete, I experienced many of the challenges that can affect optimal performance: getting nervous, injuries, self-confidence, and concentration amongst others. When the athlete trains the mental component, she or he consistently uses empirically-based tools to achieve a state of competitive flow. I learned to use mental skills [&hellip;]<\/p>","protected":false},"author":1,"featured_media":7,"parent":0,"menu_order":0,"comment_status":"closed","ping_status":"closed","template":"elementor_header_footer","meta":{"footnotes":""},"class_list":["post-144","page","type-page","status-publish","has-post-thumbnail","hentry"],"_links":{"self":[{"href":"https:\/\/juegomental.com\/es\/wp-json\/wp\/v2\/pages\/144","targetHints":{"allow":["GET"]}}],"collection":[{"href":"https:\/\/juegomental.com\/es\/wp-json\/wp\/v2\/pages"}],"about":[{"href":"https:\/\/juegomental.com\/es\/wp-json\/wp\/v2\/types\/page"}],"author":[{"embeddable":true,"href":"https:\/\/juegomental.com\/es\/wp-json\/wp\/v2\/users\/1"}],"replies":[{"embeddable":true,"href":"https:\/\/juegomental.com\/es\/wp-json\/wp\/v2\/comments?post=144"}],"version-history":[{"count":31,"href":"https:\/\/juegomental.com\/es\/wp-json\/wp\/v2\/pages\/144\/revisions"}],"predecessor-version":[{"id":278,"href":"https:\/\/juegomental.com\/es\/wp-json\/wp\/v2\/pages\/144\/revisions\/278"}],"wp:featuredmedia":[{"embeddable":true,"href":"https:\/\/juegomental.com\/es\/wp-json\/wp\/v2\/media\/7"}],"wp:attachment":[{"href":"https:\/\/juegomental.com\/es\/wp-json\/wp\/v2\/media?parent=144"}],"curies":[{"name":"wp","href":"https:\/\/api.w.org\/{rel}","templated":true}]}}